{"id":10177,"date":"2023-12-07T13:17:42","date_gmt":"2023-12-07T13:17:42","guid":{"rendered":"https:\/\/www.getmoss.com\/guide\/?page_id=10177"},"modified":"2024-01-30T10:25:10","modified_gmt":"2024-01-30T10:25:10","slug":"cashflow-management","status":"publish","type":"page","link":"https:\/\/www.getmoss.com\/guide\/nl\/cashflow-management\/","title":{"rendered":"Grip op je geld met effici\u00ebnt cashflow management"},"content":{"rendered":"\n<p>Inzicht in je liquiditeiten, oftewel het geld in je bedrijf, zorgt ervoor dat je nooit geld tekort komt. Met cashflow management weet je altijd hoeveel geld er de komende tijd binnenkomt en uitgaat. En dat is belangrijk. Want daarmee kun je faillissement als gevolg van liquiditeitsproblemen voorkomen. Maar hoe pak je een goed en effici\u00ebnt cashflow management precies aan? We geven je een aantal waardevolle tips.<\/p>\n\n\n\n<div id=\"ez-toc-container\" class=\"ez-toc-v2_0_75 ez-toc-wrap-left counter-flat ez-toc-counter ez-toc-grey ez-toc-container-direction\">\n<nav><ul class='ez-toc-list ez-toc-list-level-1 ' ><li class='ez-toc-page-1'><a class=\"ez-toc-link ez-toc-heading-1\" href=\"https:\/\/www.getmoss.com\/guide\/nl\/cashflow-management\/#Wat_is_cashflow\" >Wat is cashflow?<\/a><\/li><li class='ez-toc-page-1'><a class=\"ez-toc-link ez-toc-heading-2\" href=\"https:\/\/www.getmoss.com\/guide\/nl\/cashflow-management\/#Waarom_is_het_bijhouden_van_de_cashflow_belangrijk\" >Waarom is het bijhouden van de cashflow belangrijk?<\/a><\/li><li class='ez-toc-page-1'><a class=\"ez-toc-link ez-toc-heading-3\" href=\"https:\/\/www.getmoss.com\/guide\/nl\/cashflow-management\/#Wat_is_cashflow_management\" >Wat is cashflow management?<\/a><\/li><li class='ez-toc-page-1'><a class=\"ez-toc-link ez-toc-heading-4\" href=\"https:\/\/www.getmoss.com\/guide\/nl\/cashflow-management\/#7_waardevolle_tips_om_de_cashflow_te_verbeteren\" >7 waardevolle tips om de cashflow te verbeteren<\/a><\/li><li class='ez-toc-page-1'><a class=\"ez-toc-link ez-toc-heading-5\" href=\"https:\/\/www.getmoss.com\/guide\/nl\/cashflow-management\/#Beheer_je_cashflow_en_plan_vooruit_met_Moss\" >Beheer je cashflow en plan vooruit met Moss<\/a><\/li><\/ul><\/nav><\/div>\n<h2 class=\"gb-headline gb-headline-32fa1c9c gb-headline-text\"><span class=\"ez-toc-section\" id=\"Wat_is_cashflow\"><\/span>Wat is cashflow?<span class=\"ez-toc-section-end\"><\/span><\/h2>\n\n\n\n<p>Het Engels woord cashflow kennen we in Nederland als kasstroom. Het omvat alle geldstromen in je organisatie. Het verschil tussen de ontvangsten en uitgaven gedurende een bepaalde periode of voor een bepaald project is de netto cashflow. Wanneer de ontvangsten in een bepaalde periode hoger zijn dan de uitgaven, spreken we van een positieve cashflow. Is het juist andersom en zijn de ontvangsten lager dan de uitgaven? Dan gaat het om een negatieve cashflow.<\/p>\n\n\n\n<p>Cashflow is een cruciale financi\u00eble indicator en wordt vaak gezien als de levensader van elke organisatie. Doordat het de geldstroom in een bepaalde<a href=\"https:\/\/www.getmoss.com\/nl-nl\/boekhouden\"> boekhoudperiode<\/a> meet en alleen de direct beschikbare financi\u00eble middelen voor uitgaven omvat, weerspiegelt de cashflow de werkelijke financi\u00eble prestaties van een bedrijf. <\/p>\n\n\n\n<p>Daarmee onderscheidt het zich van de winst, die ook niet-constante posten omvat. Verwar de uitgaven en ontvangsten bij de cashflow dus niet met kosten en opbrengsten, in dat laatste geval bereken je namelijk de winst of het verlies. Uitgaven en ontvangsten zijn de momenten waarop het geld daadwerkelijk van eigenaar verandert.<\/p>\n\n\n\n<h2 class=\"wp-block-heading\"><span class=\"ez-toc-section\" id=\"Waarom_is_het_bijhouden_van_de_cashflow_belangrijk\"><\/span>Waarom is het bijhouden van de cashflow belangrijk?<span class=\"ez-toc-section-end\"><\/span><\/h2>\n\n\n\n<figure class=\"wp-block-image size-full\"><img loading=\"lazy\" decoding=\"async\" width=\"739\" height=\"350\" src=\"https:\/\/www.getmoss.com\/guide\/wp-content\/uploads\/2023\/12\/Bijhouden-van-de-cashflow-is-belangrijk.png\" alt=\"\" class=\"wp-image-10190\" srcset=\"https:\/\/www.getmoss.com\/guide\/wp-content\/uploads\/2023\/12\/Bijhouden-van-de-cashflow-is-belangrijk.png 739w, https:\/\/www.getmoss.com\/guide\/wp-content\/uploads\/2023\/12\/Bijhouden-van-de-cashflow-is-belangrijk-300x142.png 300w\" sizes=\"auto, (max-width: 739px) 100vw, 739px\" \/><\/figure>\n\n\n\n<div style=\"height:20px\" aria-hidden=\"true\" class=\"wp-block-spacer\"><\/div>\n\n\n\n<p>Bij een grote investering kan de cashflow soms negatief uitvallen. Dat hoeft geen probleem te zijn. Blijft de cashflow langdurig negatief? Dan wordt het wel een probleem. Er kan van daaruit een negatieve spiraal ontstaan. Als je vervolgens bijvoorbeeld geld moet lenen om aan je betalingen te voldoen, kost je dat alleen maar geld.<\/p>\n\n\n\n<p>Een positieve cashflow kan juist het tegenovergestelde betekenen. Doordat er meer geld binnenkomt dan eruit gaat, kun je aan al je verplichtingen voldoen. En dat kan betalingskortingen met zich meebrengen, je wordt dus beloond. Daarmee krijg je extra rendement en kom je juist in een positieve spiraal terecht.<\/p>\n\n\n\n<h2 class=\"wp-block-heading\"><span class=\"ez-toc-section\" id=\"Wat_is_cashflow_management\"><\/span>Wat is cashflow management?<span class=\"ez-toc-section-end\"><\/span><\/h2>\n\n\n\n<p>Cashflow management wordt ook wel cashmanagement genoemd. Het gaat hierbij om alle activiteiten die te maken hebben met het optimaliseren van geldstromen van en naar de organisatie. De opbrengsten maximaliseren, de rentekosten zo laag mogelijk houden en de kosten van cashflow minimaliseren is de taak van het credit management. Zij maken hierbij gebruik van cashflow prognoses, cashflow projection en nauwkeurige cashflow reporting. Door dit in kaart te brengen, komt de onderneming niet voor verrassingen te staan. <\/p>\n\n\n\n<p>Effici\u00ebnt cashflow management is essentieel voor het succes van een onderneming. Een positieve cashflow zorgt voor voldoende middelen om te investeren in groei, schulden af te lossen en nieuwe financiering aan te trekken.<\/p>\n\n\n\n<h2 class=\"wp-block-heading\"><span class=\"ez-toc-section\" id=\"7_waardevolle_tips_om_de_cashflow_te_verbeteren\"><\/span>7 waardevolle tips om de cashflow te verbeteren <span class=\"ez-toc-section-end\"><\/span><\/h2>\n\n\n\n<figure class=\"wp-block-image size-full\"><img loading=\"lazy\" decoding=\"async\" width=\"739\" height=\"350\" src=\"https:\/\/www.getmoss.com\/guide\/wp-content\/uploads\/2023\/12\/Waardevolle-tips-om-cashflow-te-verbeteren.png\" alt=\"\" class=\"wp-image-10193\" srcset=\"https:\/\/www.getmoss.com\/guide\/wp-content\/uploads\/2023\/12\/Waardevolle-tips-om-cashflow-te-verbeteren.png 739w, https:\/\/www.getmoss.com\/guide\/wp-content\/uploads\/2023\/12\/Waardevolle-tips-om-cashflow-te-verbeteren-300x142.png 300w\" sizes=\"auto, (max-width: 739px) 100vw, 739px\" \/><\/figure>\n\n\n\n<div style=\"height:20px\" aria-hidden=\"true\" class=\"wp-block-spacer\"><\/div>\n\n\n\n<p>Slim cashflow management betekent vooral niet alleen focussen op de aanjagers van winst en verlies, maar ook op factoren die de cashflow be\u00efnvloeden. Deze omvatten<a href=\"https:\/\/www.getmoss.com\/rechnungsmanagement\"> factuurbeheer<\/a>, verplichtingen, vorderingen, evenals schuldaflossing en inventaris.&nbsp;<\/p>\n\n\n\n<p>We hebben zeven tips op een rijtje gezet waarmee je meer grip op je cashflow kunt krijgen en het cashflow management op de lange termijn kunt verbeteren.<\/p>\n\n\n\n<h3 class=\"wp-block-heading\">Tip 1: Houd altijd het overzicht<\/h3>\n\n\n\n<p>Bekijk minimaal \u00e9\u00e9n keer per maand de cashflow resultaten. Zo heb je te allen tijde de cashflow in beeld en kun je het onder controle houden. Daarnaast kan tijdig worden vastgesteld of de onderneming een cashflow heeft die overeenkomt met de omzet- en groeidoelstellingen. De regelmatig verzamelde gegevens bieden een nauwkeurige basis voor verdere rapportage en kasstroomprognoses die de liquiditeit op de lange termijn ondersteunen.<\/p>\n\n\n\n<p>Vooral uitgaven in lopende zaken houd je het liefst altijd bij, en niet slechts \u00e9\u00e9n keer per maand of \u00e9\u00e9n keer per jaar. Slimme<a href=\"https:\/\/www.getmoss.com\/nl-nl\"> digitale uitgavenoplossingen<\/a> zoals Moss helpen je op elk moment te begrijpen waar je geld is gebleven en voorziet in uitgebreide rapporten en prognoses. Daarmee optimaliseer je je bestedingsgedrag en de toekomstige uitgaven <a href=\"https:\/\/www.getmoss.com\/guide\/nl\/budgetplanning\/\">en verdeel je de budgetten effici\u00ebnter<\/a>.<\/p>\n\n\n\n<h3 class=\"gb-headline gb-headline-2c255030 gb-headline-text\">Tip 2: Vermijd onnodige uitgaven<\/h3>\n\n\n\n<p>Identificeer en verminder kosten voor operationele activiteiten. Daarmee kun je je cashflow snel verbeteren. Zo biedt Moss bijvoorbeeld<a href=\"https:\/\/www.getmoss.com\/nl-nl\/bedrijfscreditcard\"> virtuele en fysieke bedrijfscreditcards<\/a> om uitgaven beter te beheren. Alle lopende uitgaven zijn hiermee altijd overzichtelijk en optimalisatiepotentieel herken je direct.<\/p>\n\n\n\n<p>Je kunt aan medewerkers creditcards uitgeven met daarop een individueel budget. Zo heb je altijd de uitgaven voor onkosten, kantoorbenodigdheden of marketingcampagnes onder controle. Je kunt hiermee grenzen stellen en een cashflowplanning maken. Zelfs een kleine aanpassing in het bestedingsgedrag kan een blijvend positief effect hebben op de totale cashflow.<\/p>\n\n\n<div class=\"cta\" style=\"background-color:#c7ed97\">\r\n  <div class=\"content\">\r\n    <p><b>Budgetcontrole:<\/b><br>Meer controle & transparantie<\/p>  \r\n\t  <a href=\"https:\/\/www.getmoss.com\/nl-nl\/budgets\"data-mktg-id=\"intext-cta-teaser-button\" data-page-location=\"bottom-blog\" ><button>lees hier meer<\/button><\/a>\r\n  <\/div>\r\n    <img decoding=\"async\" src=\"https:\/\/www.getmoss.com\/guide\/wp-content\/uploads\/2023\/12\/homepage_hero_NL_blog.webp\">\r\n<\/div>\n\n\n\n<h3 class=\"wp-block-heading\">Tip 3: Verhoog de omzet<\/h3>\n\n\n\n<p>Het klinkt misschien als een clich\u00e9, maar het verhogen van de verkoop is \u00e9\u00e9n van de meest effectieve manieren om de cashflow te vergroten. Er zijn verschillende strategie\u00ebn om dit te bereiken, die kunnen worden onderverdeeld in drie kernbenaderingen:<\/p>\n\n\n\n<ul class=\"wp-block-list\">\n<li>Het vergroten van het aantal klanten.<\/li>\n\n\n\n<li>Het verhogen van het aantal verkopen per klant.<\/li>\n\n\n\n<li>Het verhogen van de prijzen.<\/li>\n<\/ul>\n\n\n\n<p>Het hangt af van je specifieke situatie voor welke benadering je kiest. Het omzetten van leads in betalende klanten kan bijvoorbeeld meer tijd en middelen vergen, terwijl het stimuleren van de verkoop aan bestaande klanten vaak een grondige gegevensanalyse vereist.<\/p>\n\n\n\n<h3 class=\"gb-headline gb-headline-4b6505a9 gb-headline-text\">Tip 4: Versnel factuurbeheer<\/h3>\n\n\n\n<p>Onafhankelijk van het feit of je de winst hebt vergroot of niet, effici\u00ebnt cashflowmanagement draait niet alleen om het sluiten van verkopen, maar ook om het tijdig innen van geld van debiteuren. Hiervoor is het essentieel een effici\u00ebnte factuurstroom te hanteren, waardoor klanten hun openstaande betalingen sneller voldoen.<\/p>\n\n\n\n<p>Er zijn verschillende mogelijkheden om dit op te zetten:<\/p>\n\n\n\n<p>\u00b7&nbsp; &nbsp; &nbsp; &nbsp; Verkort de betalingstermijn. Hierdoor kun je sneller geld ontvangen. Bijvoorbeeld door de termijnen in te korten van 60 dagen naar 30 dagen. Het is hierbij wel belangrijk om de klantrelaties in de gaten te houden, soms kan een verkorte deadline hier namelijk invloed op hebben.<\/p>\n\n\n\n<p>\u00b7&nbsp; &nbsp; &nbsp; &nbsp; Bied flexibele betaalopties aan. Door de mogelijkheden aan betaalopties te verbreden, vergroot je de kans dat klanten hun rekeningen tijdig betalen. Soms heeft een klant bijvoorbeeld de voorkeur betalingen per creditcard te voldoen, maar als jouw organisatie alleen bankoverschrijving accepteert, kan dit leiden tot vertraging in de betaling.<\/p>\n\n\n\n<p>Het meest doeltreffend om het factuurbeheer te versnellen, is door over te stappen op een digitale factuurstroom. Door alle inkomende en uitgaande facturen digitaal en centraal te verwerken, bespaar je niet alleen tijd en papier, maar worden debiteuren ook sneller omgezet in contanten. Dit draagt bij aan een vlottere cashflow en een effici\u00ebnter beheer van de financi\u00ebn.<\/p>\n\n\n\n<h3 class=\"gb-headline gb-headline-8672acfb gb-headline-text\">Tip 5: Bied kortingen aan \u2013 cre\u00eber prikkels<\/h3>\n\n\n\n<p>Denk hierbij aan het geven van een korting van 2 tot 3 procent als de factuur binnen tien dagen wordt betaald. Een speciale aanbieding kan aanmoedigen de betaling binnen een bepaalde termijn te voldoen. Dit heeft niet alleen een positief effect op de cashflow, maar cre\u00ebert ook een stimulans voor potenti\u00eble nieuwe klanten om tot aankoop over te gaan.<\/p>\n\n\n\n<h3 class=\"wp-block-heading\">Tip 6: Controleer de inventaris<\/h3>\n\n\n\n<p>Vooral wanneer een organisatie te maken heeft met een liquiditeitscrisis, kan het noodzakelijk zijn om materi\u00eble vaste activa te verkopen om tijdig over liquide middelen te beschikken. Maar ook buiten bedreigende situaties kan het de moeite waard zijn om de inventaris te evalueren. De verkoop van overbodige materialen, zoals oude apparaten, hardware, machines enzovoorts is \u00e9\u00e9n van de eenvoudigste manieren om snel geld binnen te krijgen. Ook bespaar je er eventuele opslagkosten mee.<\/p>\n\n\n\n<h3 class=\"gb-headline gb-headline-becc8d56 gb-headline-text\">Tip 7: Gebruik zakelijke bedrijfscreditcards<\/h3>\n\n\n\n<p><a href=\"https:\/\/www.getmoss.com\/guide\/nl\/zakelijke-creditcard\/\">Zakelijke creditcards<\/a> vormen een waardevolle buffer voor de cashflow, mits het kredietlimiet en de betalingsvoorwaarden goed zijn afgestemd. Moeten er dringend betalingen worden gedaan terwijl liquide middelen op korte termijn schaars zijn? Dan bieden creditcards een effectieve oplossing. Met een specifieke betalingstermijn als basis, kunnen in de tussentijd mogelijk verdere inkomsten worden ontvangen of nieuwe verkopen worden gerealiseerd voordat de facturering plaatsvindt.<\/p>\n\n\n\n<p>Tegenwoordig bieden veel creditcardaanbieders aanvullende digitale oplossingen om alle uitgaven goed bij te houden. Dit maakt het cashflowbeheer met een bedrijfscreditcard transparanter en er kan effici\u00ebnter worden ingepland.<\/p>\n\n\n\n<h2 class=\"wp-block-heading\"><span class=\"ez-toc-section\" id=\"Beheer_je_cashflow_en_plan_vooruit_met_Moss\"><\/span>Beheer je cashflow en plan vooruit met Moss<span class=\"ez-toc-section-end\"><\/span><\/h2>\n\n\n<div class=\"cta\" style=\"background-color:#c7ed97\">\r\n  <div class=\"content\">\r\n    <p><b>Budgetcontrole:<\/b><br>Meer controle & transparantie<\/p>  \r\n\t  <a href=\"https:\/\/www.getmoss.com\/nl-nl\/prijzen\"data-mktg-id=\"intext-cta-teaser-button\" data-page-location=\"bottom-blog\" ><button>lees hier meer<\/button><\/a>\r\n  <\/div>\r\n    <img decoding=\"async\" src=\"https:\/\/www.getmoss.com\/guide\/wp-content\/uploads\/2023\/12\/pricing-e1702053384263.png\">\r\n<\/div>\n\n\n\n<p>Moss maakt controle makkelijker door intelligente oplossingen. Het geeft altijd een duidelijk overzicht van alle personeelskosten. Met de virtuele en fysieke creditcards voor al je medewerkers volg je transacties realtime en heb je de volledige controle over hoeveel geld waaraan wordt besteed. Ook bieden uitgebreide rapportages en analyses gedetailleerde inzichten in alle uitgaven, en geeft het Moss Dashboard een realtime overzicht van alle betalingen.<\/p>\n\n\n\n<p>Zet individuele abonnementskaarten op met Moss om herhaalde betalingen te volgen en onnodige abonnementen of bestellingen direct te identificeren. Ontdek de mogelijkheden van Moss om kosten te besparen en het uitgavenbeheer te optimaliseren en ga voor een effici\u00ebnt cashflow management.&nbsp;<\/p>\n","protected":false},"excerpt":{"rendered":"<p>Inzicht in je liquiditeiten, oftewel het geld in je bedrijf, zorgt ervoor dat je nooit geld tekort komt. Met cashflow management weet je altijd hoeveel geld er de komende tijd binnenkomt en uitgaat. En dat &#8230; <a title=\"Grip op je geld met effici\u00ebnt cashflow management\" class=\"read-more\" href=\"https:\/\/www.getmoss.com\/guide\/nl\/cashflow-management\/\" aria-label=\"Meer op Grip op je geld met effici\u00ebnt cashflow management\">Read more<\/a><\/p>\n","protected":false},"author":25,"featured_media":10187,"parent":0,"menu_order":0,"comment_status":"closed","ping_status":"closed","template":"","meta":{"inline_featured_image":false,"footnotes":""},"categories":[65],"tags":[],"class_list":{"0":"post-10177","1":"page","2":"type-page","3":"status-publish","4":"has-post-thumbnail","6":"category-budgetcontrole"},"yoast_head":"<!-- This site is optimized with the Yoast SEO plugin v26.9 - https:\/\/yoast.com\/product\/yoast-seo-wordpress\/ -->\n<title>Grip op je geld met effici\u00ebnt cashflow management | Moss<\/title>\n<meta name=\"robots\" content=\"index, follow, max-snippet:-1, max-image-preview:large, max-video-preview:-1\" \/>\n<link rel=\"canonical\" href=\"https:\/\/www.getmoss.com\/guide\/nl\/cashflow-management\/\" \/>\n<meta property=\"og:locale\" content=\"nl_NL\" \/>\n<meta property=\"og:type\" content=\"article\" \/>\n<meta property=\"og:title\" content=\"Grip op je geld met effici\u00ebnt cashflow management | Moss\" \/>\n<meta property=\"og:description\" content=\"Inzicht in je liquiditeiten, oftewel het geld in je bedrijf, zorgt ervoor dat je nooit geld tekort komt. Met cashflow management weet je altijd hoeveel geld er de komende tijd binnenkomt en uitgaat. En dat ... Read more\" \/>\n<meta property=\"og:url\" content=\"https:\/\/www.getmoss.com\/guide\/nl\/cashflow-management\/\" \/>\n<meta property=\"og:site_name\" content=\"Moss\" \/>\n<meta property=\"article:modified_time\" content=\"2024-01-30T10:25:10+00:00\" \/>\n<meta property=\"og:image\" content=\"https:\/\/www.getmoss.com\/guide\/wp-content\/uploads\/2023\/12\/Inzicht-in-je-liquiditeit-met-goed-en-efficient-cashflow-management-2.png\" \/>\n\t<meta property=\"og:image:width\" content=\"739\" \/>\n\t<meta property=\"og:image:height\" content=\"350\" \/>\n\t<meta property=\"og:image:type\" content=\"image\/png\" \/>\n<meta name=\"twitter:card\" content=\"summary_large_image\" \/>\n<meta name=\"twitter:label1\" content=\"Geschatte leestijd\" \/>\n\t<meta name=\"twitter:data1\" content=\"9 minuten\" \/>\n<script type=\"application\/ld+json\" class=\"yoast-schema-graph\">{\"@context\":\"https:\/\/schema.org\",\"@graph\":[{\"@type\":\"WebPage\",\"@id\":\"https:\/\/www.getmoss.com\/guide\/nl\/cashflow-management\/\",\"url\":\"https:\/\/www.getmoss.com\/guide\/nl\/cashflow-management\/\",\"name\":\"Grip op je geld met effici\u00ebnt cashflow management | Moss\",\"isPartOf\":{\"@id\":\"https:\/\/www.getmoss.com\/guide\/nl\/#website\"},\"primaryImageOfPage\":{\"@id\":\"https:\/\/www.getmoss.com\/guide\/nl\/cashflow-management\/#primaryimage\"},\"image\":{\"@id\":\"https:\/\/www.getmoss.com\/guide\/nl\/cashflow-management\/#primaryimage\"},\"thumbnailUrl\":\"https:\/\/www.getmoss.com\/guide\/wp-content\/uploads\/2023\/12\/Inzicht-in-je-liquiditeit-met-goed-en-efficient-cashflow-management-2.png\",\"datePublished\":\"2023-12-07T13:17:42+00:00\",\"dateModified\":\"2024-01-30T10:25:10+00:00\",\"breadcrumb\":{\"@id\":\"https:\/\/www.getmoss.com\/guide\/nl\/cashflow-management\/#breadcrumb\"},\"inLanguage\":\"nl-NL\",\"potentialAction\":[{\"@type\":\"ReadAction\",\"target\":[\"https:\/\/www.getmoss.com\/guide\/nl\/cashflow-management\/\"]}]},{\"@type\":\"ImageObject\",\"inLanguage\":\"nl-NL\",\"@id\":\"https:\/\/www.getmoss.com\/guide\/nl\/cashflow-management\/#primaryimage\",\"url\":\"https:\/\/www.getmoss.com\/guide\/wp-content\/uploads\/2023\/12\/Inzicht-in-je-liquiditeit-met-goed-en-efficient-cashflow-management-2.png\",\"contentUrl\":\"https:\/\/www.getmoss.com\/guide\/wp-content\/uploads\/2023\/12\/Inzicht-in-je-liquiditeit-met-goed-en-efficient-cashflow-management-2.png\",\"width\":739,\"height\":350},{\"@type\":\"BreadcrumbList\",\"@id\":\"https:\/\/www.getmoss.com\/guide\/nl\/cashflow-management\/#breadcrumb\",\"itemListElement\":[{\"@type\":\"ListItem\",\"position\":1,\"name\":\"Home\",\"item\":\"https:\/\/www.getmoss.com\/guide\/nl\/\"},{\"@type\":\"ListItem\",\"position\":2,\"name\":\"Cashflow Management\"}]},{\"@type\":\"WebSite\",\"@id\":\"https:\/\/www.getmoss.com\/guide\/nl\/#website\",\"url\":\"https:\/\/www.getmoss.com\/guide\/nl\/\",\"name\":\"Moss\",\"description\":\"Just another WordPress site\",\"publisher\":{\"@id\":\"https:\/\/www.getmoss.com\/guide\/nl\/#organization\"},\"potentialAction\":[{\"@type\":\"SearchAction\",\"target\":{\"@type\":\"EntryPoint\",\"urlTemplate\":\"https:\/\/www.getmoss.com\/guide\/nl\/?s={search_term_string}\"},\"query-input\":{\"@type\":\"PropertyValueSpecification\",\"valueRequired\":true,\"valueName\":\"search_term_string\"}}],\"inLanguage\":\"nl-NL\"},{\"@type\":\"Organization\",\"@id\":\"https:\/\/www.getmoss.com\/guide\/nl\/#organization\",\"name\":\"Moss\",\"url\":\"https:\/\/www.getmoss.com\/guide\/nl\/\",\"logo\":{\"@type\":\"ImageObject\",\"inLanguage\":\"nl-NL\",\"@id\":\"https:\/\/www.getmoss.com\/guide\/nl\/#\/schema\/logo\/image\/\",\"url\":\"https:\/\/www.getmoss.com\/guide\/wp-content\/uploads\/2022\/07\/Moss-Blog-Logo-Black.svg\",\"contentUrl\":\"https:\/\/www.getmoss.com\/guide\/wp-content\/uploads\/2022\/07\/Moss-Blog-Logo-Black.svg\",\"width\":441,\"height\":85,\"caption\":\"Moss\"},\"image\":{\"@id\":\"https:\/\/www.getmoss.com\/guide\/nl\/#\/schema\/logo\/image\/\"}}]}<\/script>\n<!-- \/ Yoast SEO plugin. -->","yoast_head_json":{"title":"Grip op je geld met effici\u00ebnt cashflow management | Moss","robots":{"index":"index","follow":"follow","max-snippet":"max-snippet:-1","max-image-preview":"max-image-preview:large","max-video-preview":"max-video-preview:-1"},"canonical":"https:\/\/www.getmoss.com\/guide\/nl\/cashflow-management\/","og_locale":"nl_NL","og_type":"article","og_title":"Grip op je geld met effici\u00ebnt cashflow management | Moss","og_description":"Inzicht in je liquiditeiten, oftewel het geld in je bedrijf, zorgt ervoor dat je nooit geld tekort komt. Met cashflow management weet je altijd hoeveel geld er de komende tijd binnenkomt en uitgaat. En dat ... Read more","og_url":"https:\/\/www.getmoss.com\/guide\/nl\/cashflow-management\/","og_site_name":"Moss","article_modified_time":"2024-01-30T10:25:10+00:00","og_image":[{"width":739,"height":350,"url":"https:\/\/www.getmoss.com\/guide\/wp-content\/uploads\/2023\/12\/Inzicht-in-je-liquiditeit-met-goed-en-efficient-cashflow-management-2.png","type":"image\/png"}],"twitter_card":"summary_large_image","twitter_misc":{"Geschatte leestijd":"9 minuten"},"schema":{"@context":"https:\/\/schema.org","@graph":[{"@type":"WebPage","@id":"https:\/\/www.getmoss.com\/guide\/nl\/cashflow-management\/","url":"https:\/\/www.getmoss.com\/guide\/nl\/cashflow-management\/","name":"Grip op je geld met effici\u00ebnt cashflow management | Moss","isPartOf":{"@id":"https:\/\/www.getmoss.com\/guide\/nl\/#website"},"primaryImageOfPage":{"@id":"https:\/\/www.getmoss.com\/guide\/nl\/cashflow-management\/#primaryimage"},"image":{"@id":"https:\/\/www.getmoss.com\/guide\/nl\/cashflow-management\/#primaryimage"},"thumbnailUrl":"https:\/\/www.getmoss.com\/guide\/wp-content\/uploads\/2023\/12\/Inzicht-in-je-liquiditeit-met-goed-en-efficient-cashflow-management-2.png","datePublished":"2023-12-07T13:17:42+00:00","dateModified":"2024-01-30T10:25:10+00:00","breadcrumb":{"@id":"https:\/\/www.getmoss.com\/guide\/nl\/cashflow-management\/#breadcrumb"},"inLanguage":"nl-NL","potentialAction":[{"@type":"ReadAction","target":["https:\/\/www.getmoss.com\/guide\/nl\/cashflow-management\/"]}]},{"@type":"ImageObject","inLanguage":"nl-NL","@id":"https:\/\/www.getmoss.com\/guide\/nl\/cashflow-management\/#primaryimage","url":"https:\/\/www.getmoss.com\/guide\/wp-content\/uploads\/2023\/12\/Inzicht-in-je-liquiditeit-met-goed-en-efficient-cashflow-management-2.png","contentUrl":"https:\/\/www.getmoss.com\/guide\/wp-content\/uploads\/2023\/12\/Inzicht-in-je-liquiditeit-met-goed-en-efficient-cashflow-management-2.png","width":739,"height":350},{"@type":"BreadcrumbList","@id":"https:\/\/www.getmoss.com\/guide\/nl\/cashflow-management\/#breadcrumb","itemListElement":[{"@type":"ListItem","position":1,"name":"Home","item":"https:\/\/www.getmoss.com\/guide\/nl\/"},{"@type":"ListItem","position":2,"name":"Cashflow Management"}]},{"@type":"WebSite","@id":"https:\/\/www.getmoss.com\/guide\/nl\/#website","url":"https:\/\/www.getmoss.com\/guide\/nl\/","name":"Moss","description":"Just another WordPress site","publisher":{"@id":"https:\/\/www.getmoss.com\/guide\/nl\/#organization"},"potentialAction":[{"@type":"SearchAction","target":{"@type":"EntryPoint","urlTemplate":"https:\/\/www.getmoss.com\/guide\/nl\/?s={search_term_string}"},"query-input":{"@type":"PropertyValueSpecification","valueRequired":true,"valueName":"search_term_string"}}],"inLanguage":"nl-NL"},{"@type":"Organization","@id":"https:\/\/www.getmoss.com\/guide\/nl\/#organization","name":"Moss","url":"https:\/\/www.getmoss.com\/guide\/nl\/","logo":{"@type":"ImageObject","inLanguage":"nl-NL","@id":"https:\/\/www.getmoss.com\/guide\/nl\/#\/schema\/logo\/image\/","url":"https:\/\/www.getmoss.com\/guide\/wp-content\/uploads\/2022\/07\/Moss-Blog-Logo-Black.svg","contentUrl":"https:\/\/www.getmoss.com\/guide\/wp-content\/uploads\/2022\/07\/Moss-Blog-Logo-Black.svg","width":441,"height":85,"caption":"Moss"},"image":{"@id":"https:\/\/www.getmoss.com\/guide\/nl\/#\/schema\/logo\/image\/"}}]}},"_links":{"self":[{"href":"https:\/\/www.getmoss.com\/guide\/nl\/wp-json\/wp\/v2\/pages\/10177","targetHints":{"allow":["GET"]}}],"collection":[{"href":"https:\/\/www.getmoss.com\/guide\/nl\/wp-json\/wp\/v2\/pages"}],"about":[{"href":"https:\/\/www.getmoss.com\/guide\/nl\/wp-json\/wp\/v2\/types\/page"}],"author":[{"embeddable":true,"href":"https:\/\/www.getmoss.com\/guide\/nl\/wp-json\/wp\/v2\/users\/25"}],"replies":[{"embeddable":true,"href":"https:\/\/www.getmoss.com\/guide\/nl\/wp-json\/wp\/v2\/comments?post=10177"}],"version-history":[{"count":6,"href":"https:\/\/www.getmoss.com\/guide\/nl\/wp-json\/wp\/v2\/pages\/10177\/revisions"}],"predecessor-version":[{"id":10552,"href":"https:\/\/www.getmoss.com\/guide\/nl\/wp-json\/wp\/v2\/pages\/10177\/revisions\/10552"}],"wp:featuredmedia":[{"embeddable":true,"href":"https:\/\/www.getmoss.com\/guide\/nl\/wp-json\/wp\/v2\/media\/10187"}],"wp:attachment":[{"href":"https:\/\/www.getmoss.com\/guide\/nl\/wp-json\/wp\/v2\/media?parent=10177"}],"wp:term":[{"taxonomy":"category","embeddable":true,"href":"https:\/\/www.getmoss.com\/guide\/nl\/wp-json\/wp\/v2\/categories?post=10177"},{"taxonomy":"post_tag","embeddable":true,"href":"https:\/\/www.getmoss.com\/guide\/nl\/wp-json\/wp\/v2\/tags?post=10177"}],"curies":[{"name":"wp","href":"https:\/\/api.w.org\/{rel}","templated":true}]}}